{"id":2351,"date":"2026-03-02T09:54:15","date_gmt":"2026-03-02T08:54:15","guid":{"rendered":"https:\/\/finlead.be\/?page_id=2351"},"modified":"2026-03-12T13:56:00","modified_gmt":"2026-03-12T12:56:00","slug":"agences-finlead-wavre-nivelles-adresses-contacts","status":"publish","type":"page","link":"https:\/\/finlead.be\/index.php\/agences-finlead-wavre-nivelles-adresses-contacts\/","title":{"rendered":"NOS AGENCES"},"content":{"rendered":"\n<div style=\"height:18px\" aria-hidden=\"true\" class=\"wp-block-spacer\"><\/div>\n\n\n\n<h1 class=\"wp-block-heading has-text-align-center\" style=\"padding-right:var(--wp--preset--spacing--80);padding-left:var(--wp--preset--spacing--80);font-size:30px\">Agences Finlead \u00e0 Wavre et Nivelles<\/h1>\n\n\n\n<p class=\"has-text-align-center\" style=\"padding-right:var(--wp--preset--spacing--80);padding-left:var(--wp--preset--spacing--80)\">Gr\u00e2ce \u00e0 nos agences Finlead \u00e0 Wavre et Nivelles, nous assurons une gestion de copropri\u00e9t\u00e9 bas\u00e9e sur la proximit\u00e9, la rigueur et la r\u00e9activit\u00e9.<br>Notre pr\u00e9sence locale permet un contact direct avec les copropri\u00e9taires et un suivi attentif des immeubles dans toute la r\u00e9gion de <strong>Wavre, Nivelles et les communes environnantes<\/strong><\/p>\n\n\n\n<h2 class=\"wp-block-heading has-text-align-center has-small-font-size\" style=\"padding-right:var(--wp--preset--spacing--80);padding-left:var(--wp--preset--spacing--80)\"><strong>Vous souhaitez obtenir des informations ou prendre rendez-vous <strong>avec l\u2019une des Agences \u00e0 Wavre et Nivelles ?<\/strong><\/strong><\/h2>\n\n\n\n<p class=\"has-text-align-center\" style=\"padding-right:var(--wp--preset--spacing--80);padding-left:var(--wp--preset--spacing--80)\">Nos \u00e9quipes vous accueillent et vous conseillent avec professionnalisme.<\/p>\n\n\n\n<div style=\"height:18px\" aria-hidden=\"true\" class=\"wp-block-spacer\"><\/div>\n\n\n\n<h2 class=\"wp-block-heading has-text-align-center has-text-color has-link-color has-extra-large-font-size wp-elements-c96be08eca012c387422734327ceecd3\" style=\"color:#ff9d57;padding-top:0;padding-right:var(--wp--preset--spacing--80);padding-bottom:0;padding-left:var(--wp--preset--spacing--80)\">Agence Finlead \u00e0 Wavre<\/h2>\n\n\n\n<hr class=\"wp-block-separator has-text-color has-alpha-channel-opacity has-background is-style-wide\" style=\"background-color:#ff9d57;color:#ff9d57\"\/>\n\n\n\n<div class=\"wp-block-columns is-layout-flex wp-container-core-columns-is-layout-c6a03c77 wp-block-columns-is-layout-flex\" style=\"padding-right:var(--wp--preset--spacing--80);padding-left:var(--wp--preset--spacing--80)\">\n<div class=\"wp-block-column is-layout-flow wp-block-column-is-layout-flow\" style=\"flex-basis:25%\">\n<figure class=\"wp-block-image aligncenter size-large is-resized\"><img loading=\"lazy\" decoding=\"async\" width=\"724\" height=\"1024\" src=\"https:\/\/finlead.be\/wp-content\/uploads\/2026\/02\/photo-agence-wavre-site-web-nos-agences-2-724x1024.png\" alt=\"Agence Finlead Properties \u00e0 Wavre\" class=\"wp-image-2478\" style=\"aspect-ratio:0.7070318510540083;object-fit:cover;width:280px\" srcset=\"https:\/\/finlead.be\/wp-content\/uploads\/2026\/02\/photo-agence-wavre-site-web-nos-agences-2-724x1024.png 724w, https:\/\/finlead.be\/wp-content\/uploads\/2026\/02\/photo-agence-wavre-site-web-nos-agences-2-212x300.png 212w, https:\/\/finlead.be\/wp-content\/uploads\/2026\/02\/photo-agence-wavre-site-web-nos-agences-2-768x1086.png 768w, https:\/\/finlead.be\/wp-content\/uploads\/2026\/02\/photo-agence-wavre-site-web-nos-agences-2-1086x1536.png 1086w, https:\/\/finlead.be\/wp-content\/uploads\/2026\/02\/photo-agence-wavre-site-web-nos-agences-2.png 1414w\" sizes=\"auto, (max-width: 724px) 100vw, 724px\" \/><\/figure>\n<\/div>\n\n\n\n<div class=\"wp-block-column is-layout-flow wp-block-column-is-layout-flow\" style=\"flex-basis:50%\">\n<p>\ud83d\udcde +32.10.65.23.39<br>\ud83d\udcde n\u00b0 d&rsquo;urgence : +32 486\/92.23.73<br><br>\u23f1\ufe0f Ouvert de 9h00 \u00e0 12h15 et de 13h15 \u00e0 17h00 du lundi au vendredi<br> Joignables en ligne et physiquement 7j\/7<br> Lundi &amp; Samedi: uniquement sur rendez-vous<br><br>\ud83d\udce7 <a href=\"mailto:properties@finlead.be\">properties@finlead.be<\/a><br>\ud83d\udce7 <a href=\"mailto:bw.properties@finlead.be\">bw.properties@finlead.be&nbsp;<\/a><br>\ud83d\udce7 <a href=\"mailto:wavre.properties@finlead.be\">wavre.properties@finlead.be<\/a><\/p>\n\n\n\n<p>\ud83d\udccd Rue de la Source 14, 1300 Wavre<\/p>\n\n\n\n<div class=\"wp-block-buttons is-layout-flex wp-block-buttons-is-layout-flex\">\n<div class=\"wp-block-button\"><a class=\"wp-block-button__link has-background wp-element-button\" href=\"https:\/\/www.google.com\/maps\/place\/Finlead+Properties+-+agence+de+Wavre\/@50.7159785,4.6107407,18.37z\/data=!4m16!1m9!3m8!1s0x47c17d7a1ddf490d:0x316efe46b20d57e3!2sFinlead+Properties+-+agence+de+Wavre!8m2!3d50.7159755!4d4.6108585!9m1!1b1!16s%2Fg%2F11j2ybljsd!3m5!1s0x47c17d7a1ddf490d:0x316efe46b20d57e3!8m2!3d50.7159755!4d4.6108585!16s%2Fg%2F11j2ybljsd?entry=ttu&amp;g_ep=EgoyMDI2MDMwNS4wIKXMDSoASAFQAw%3D%3D\" style=\"background-color:#ff9d57\">Google Maps<\/a><\/div>\n<\/div>\n<\/div>\n\n\n\n<div class=\"wp-block-column is-layout-flow wp-block-column-is-layout-flow\" style=\"flex-basis:25%\">\n<figure class=\"wp-block-image aligncenter size-large is-resized\"><img loading=\"lazy\" decoding=\"async\" width=\"724\" height=\"1024\" src=\"https:\/\/finlead.be\/wp-content\/uploads\/2026\/03\/team-wavre-site-web-nos-agences-724x1024.png\" alt=\"\" class=\"wp-image-3182\" style=\"aspect-ratio:0.7070318510540083;object-fit:cover;width:225px\" srcset=\"https:\/\/finlead.be\/wp-content\/uploads\/2026\/03\/team-wavre-site-web-nos-agences-724x1024.png 724w, https:\/\/finlead.be\/wp-content\/uploads\/2026\/03\/team-wavre-site-web-nos-agences-212x300.png 212w, https:\/\/finlead.be\/wp-content\/uploads\/2026\/03\/team-wavre-site-web-nos-agences-768x1086.png 768w, https:\/\/finlead.be\/wp-content\/uploads\/2026\/03\/team-wavre-site-web-nos-agences-1086x1536.png 1086w, https:\/\/finlead.be\/wp-content\/uploads\/2026\/03\/team-wavre-site-web-nos-agences.png 1414w\" sizes=\"auto, (max-width: 724px) 100vw, 724px\" \/><\/figure>\n\n\n\n<div class=\"wp-block-buttons is-layout-flex wp-block-buttons-is-layout-flex\">\n<div class=\"wp-block-button has-custom-width wp-block-button__width-100\"><a class=\"wp-block-button__link has-background wp-element-button\" href=\"https:\/\/finlead.be\/index.php\/syndic-copropriete-nivelles\/\" style=\"background-color:#ff9d57;padding-top:0;padding-right:0;padding-bottom:0;padding-left:0\">d\u00e9couvrez l&rsquo;\u00e9quipe !<\/a><\/div>\n<\/div>\n<\/div>\n<\/div>\n\n\n\n<div style=\"height:100px\" aria-hidden=\"true\" class=\"wp-block-spacer\"><\/div>\n\n\n\n<h2 class=\"wp-block-heading has-text-align-center has-text-color has-link-color has-extra-large-font-size wp-elements-a2e327d000fb3cc04cfea54de3eb3b81\" style=\"color:#ff9d57;padding-right:var(--wp--preset--spacing--80);padding-left:var(--wp--preset--spacing--80)\">Agence Finlead \u00e0 Nivelles<\/h2>\n\n\n\n<hr class=\"wp-block-separator has-text-color has-alpha-channel-opacity has-background is-style-wide\" style=\"background-color:#ff9d57;color:#ff9d57\"\/>\n\n\n\n<div class=\"wp-block-columns is-layout-flex wp-container-core-columns-is-layout-c6a03c77 wp-block-columns-is-layout-flex\" style=\"padding-right:var(--wp--preset--spacing--80);padding-left:var(--wp--preset--spacing--80)\">\n<div class=\"wp-block-column is-layout-flow wp-block-column-is-layout-flow\" style=\"flex-basis:25%\">\n<figure class=\"wp-block-image aligncenter size-large is-resized\"><img loading=\"lazy\" decoding=\"async\" width=\"724\" height=\"1024\" src=\"https:\/\/finlead.be\/wp-content\/uploads\/2026\/02\/photo-agence-nivelles-site-web-nos-agences-2-724x1024.png\" alt=\"Agence Finlead Properties \u00e0 Nivelles\" class=\"wp-image-2482\" style=\"width:280px\" srcset=\"https:\/\/finlead.be\/wp-content\/uploads\/2026\/02\/photo-agence-nivelles-site-web-nos-agences-2-724x1024.png 724w, https:\/\/finlead.be\/wp-content\/uploads\/2026\/02\/photo-agence-nivelles-site-web-nos-agences-2-212x300.png 212w, https:\/\/finlead.be\/wp-content\/uploads\/2026\/02\/photo-agence-nivelles-site-web-nos-agences-2-768x1086.png 768w, https:\/\/finlead.be\/wp-content\/uploads\/2026\/02\/photo-agence-nivelles-site-web-nos-agences-2-1086x1536.png 1086w, https:\/\/finlead.be\/wp-content\/uploads\/2026\/02\/photo-agence-nivelles-site-web-nos-agences-2.png 1414w\" sizes=\"auto, (max-width: 724px) 100vw, 724px\" \/><\/figure>\n<\/div>\n\n\n\n<div class=\"wp-block-column is-layout-flow wp-block-column-is-layout-flow\" style=\"flex-basis:50%\">\n<p>\ud83d\udcde +32.67.55.56.69<br>\ud83d\udcde n\u00b0 d&rsquo;urgence : +32 486\/92.23.73<br><br>\u23f1\ufe0f Ouvert de 9h00 \u00e0 12h00 et de 13h00 \u00e0 17h00 du lundi au vendredi<br> Joignables en ligne et physiquement 7j\/7<br> Lundi &amp; Samedi: uniquement sur rendez-vous<br><br>\ud83d\udce7 <a href=\"mailto:properties@finlead.be\">properties@finlead.be<\/a><br>\ud83d\udce7 <a href=\"mailto:bxl.properties@finlead.be\">bxl.properties@finlead.be<\/a><br>\ud83d\udce7 <a href=\"mailto:nivelles.properties@finlead.be\">nivelles.properties@finlead.be<\/a><\/p>\n\n\n\n<p>\ud83d\udccd Espace de Lalieux 8, 1400 Nivelles<\/p>\n\n\n\n<div class=\"wp-block-buttons is-layout-flex wp-block-buttons-is-layout-flex\">\n<div class=\"wp-block-button\"><a class=\"wp-block-button__link has-background wp-element-button\" href=\"https:\/\/www.google.com\/maps\/place\/Finlead+Properties+-+agence+de+Nivelles\/@50.5987708,4.3260446,17z\/data=!4m16!1m9!3m8!1s0x47c2330079623f15:0xa7189477e44c3025!2sFinlead+Properties+-+agence+de+Nivelles!8m2!3d50.5987708!4d4.3286195!9m1!1b1!16s%2Fg%2F11z1vrblfl!3m5!1s0x47c2330079623f15:0xa7189477e44c3025!8m2!3d50.5987708!4d4.3286195!16s%2Fg%2F11z1vrblfl?entry=ttu&amp;g_ep=EgoyMDI2MDMwNS4wIKXMDSoASAFQAw%3D%3D\" style=\"background-color:#ff9d57\">Google Maps<\/a><\/div>\n<\/div>\n<\/div>\n\n\n\n<div class=\"wp-block-column is-layout-flow wp-block-column-is-layout-flow\" style=\"flex-basis:25%\">\n<figure class=\"wp-block-image aligncenter size-large is-resized\"><img loading=\"lazy\" decoding=\"async\" width=\"724\" height=\"1024\" src=\"https:\/\/finlead.be\/wp-content\/uploads\/2026\/03\/team-nivelles-site-web-nos-agences-724x1024.png\" alt=\"\" class=\"wp-image-3180\" style=\"width:225px\" srcset=\"https:\/\/finlead.be\/wp-content\/uploads\/2026\/03\/team-nivelles-site-web-nos-agences-724x1024.png 724w, https:\/\/finlead.be\/wp-content\/uploads\/2026\/03\/team-nivelles-site-web-nos-agences-212x300.png 212w, https:\/\/finlead.be\/wp-content\/uploads\/2026\/03\/team-nivelles-site-web-nos-agences-768x1086.png 768w, https:\/\/finlead.be\/wp-content\/uploads\/2026\/03\/team-nivelles-site-web-nos-agences-1086x1536.png 1086w, https:\/\/finlead.be\/wp-content\/uploads\/2026\/03\/team-nivelles-site-web-nos-agences.png 1414w\" sizes=\"auto, (max-width: 724px) 100vw, 724px\" \/><\/figure>\n\n\n\n<div class=\"wp-block-buttons is-layout-flex wp-block-buttons-is-layout-flex\">\n<div class=\"wp-block-button has-custom-width wp-block-button__width-100\"><a class=\"wp-block-button__link has-background wp-element-button\" href=\"https:\/\/finlead.be\/index.php\/syndic-copropriete-nivelles\/\" style=\"background-color:#ff9d57;padding-top:0;padding-right:0;padding-bottom:0;padding-left:0\">d\u00e9couvrez l&rsquo;\u00e9quipe !<\/a><\/div>\n<\/div>\n<\/div>\n<\/div>\n\n\n\n<div style=\"height:100px\" aria-hidden=\"true\" class=\"wp-block-spacer\"><\/div>\n\n\n\n<p><\/p>\n","protected":false},"excerpt":{"rendered":"<p>Agences Finlead \u00e0 Wavre et Nivelles Gr\u00e2ce \u00e0 nos agences Finlead \u00e0 Wavre et Nivelles, nous assurons une gestion de copropri\u00e9t\u00e9 bas\u00e9e sur la proximit\u00e9, la rigueur et la r\u00e9activit\u00e9.Notre pr\u00e9sence locale permet un contact direct avec les copropri\u00e9taires et un suivi attentif des immeubles dans toute la r\u00e9gion de Wavre, Nivelles et les communes environnantes Vous souhaitez obtenir des informations ou prendre rendez-vous avec l\u2019une des Agences \u00e0 Wavre et Nivelles ? Nos \u00e9quipes vous accueillent et vous conseillent avec professionnalisme. Agence Finlead \u00e0 Wavre \ud83d\udcde +32.10.65.23.39\ud83d\udcde n\u00b0 d&rsquo;urgence : +32 486\/92.23.73\u23f1\ufe0f Ouvert de 9h00 \u00e0 12h15 et de<\/p>\n","protected":false},"author":1,"featured_media":0,"parent":0,"menu_order":0,"comment_status":"closed","ping_status":"closed","template":"","meta":{"footnotes":""},"class_list":["post-2351","page","type-page","status-publish","hentry"],"cb_excerpt":"Agences Finlead \u00e0 Wavre et Nivelles Gr\u00e2ce \u00e0 nos agences Finlead \u00e0 Wavre et Nivelles, nous assurons une gestion de copropri\u00e9t\u00e9 bas\u00e9e sur la proximit\u00e9, la rigueur et la r\u00e9activit\u00e9.Notre pr\u00e9sence locale permet un contact direct avec les copropri\u00e9taires et un suivi attentif des immeubles dans toute la r\u00e9gion de Wavre, Nivelles et les communes environnantes Vous souhaitez obtenir des","yoast_head":"<!-- This site is optimized with the Yoast SEO plugin v20.1 - https:\/\/yoast.com\/wordpress\/plugins\/seo\/ -->\n<title>Agences Finlead \u00e0 Wavre et Nivelles | Adresses et contacts<\/title>\n<meta name=\"description\" content=\"D\u00e9couvrez les Agences Finlead \u00e0 Wavre et Nivelles : adresses, contacts, horaires et gestion professionnelle de copropri\u00e9t\u00e9s.\" \/>\n<meta name=\"robots\" content=\"index, follow, max-snippet:-1, max-image-preview:large, max-video-preview:-1\" \/>\n<link rel=\"canonical\" href=\"https:\/\/finlead.be\/index.php\/agences-finlead-wavre-nivelles-adresses-contacts\/\" \/>\n<meta property=\"og:locale\" content=\"fr_FR\" \/>\n<meta property=\"og:type\" content=\"article\" \/>\n<meta property=\"og:title\" content=\"Agences Finlead \u00e0 Wavre et Nivelles | Adresses et contacts\" \/>\n<meta property=\"og:description\" content=\"D\u00e9couvrez les Agences Finlead \u00e0 Wavre et Nivelles : adresses, contacts, horaires et gestion professionnelle de copropri\u00e9t\u00e9s.\" \/>\n<meta property=\"og:url\" content=\"https:\/\/finlead.be\/index.php\/agences-finlead-wavre-nivelles-adresses-contacts\/\" \/>\n<meta property=\"article:modified_time\" content=\"2026-03-12T12:56:00+00:00\" \/>\n<meta property=\"og:image\" content=\"https:\/\/finlead.be\/wp-content\/uploads\/2026\/02\/photo-agence-wavre-site-web-nos-agences-2-724x1024.png\" \/>\n<meta name=\"twitter:card\" content=\"summary_large_image\" \/>\n<meta name=\"twitter:label1\" content=\"Dur\u00e9e de lecture estim\u00e9e\" \/>\n\t<meta name=\"twitter:data1\" content=\"1 minute\" \/>\n<script type=\"application\/ld+json\" class=\"yoast-schema-graph\">{\"@context\":\"https:\/\/schema.org\",\"@graph\":[{\"@type\":\"WebPage\",\"@id\":\"https:\/\/finlead.be\/index.php\/agences-finlead-wavre-nivelles-adresses-contacts\/\",\"url\":\"https:\/\/finlead.be\/index.php\/agences-finlead-wavre-nivelles-adresses-contacts\/\",\"name\":\"Agences Finlead \u00e0 Wavre et Nivelles | Adresses et contacts\",\"isPartOf\":{\"@id\":\"http:\/\/finlead.be\/#website\"},\"datePublished\":\"2026-03-02T08:54:15+00:00\",\"dateModified\":\"2026-03-12T12:56:00+00:00\",\"description\":\"D\u00e9couvrez les Agences Finlead \u00e0 Wavre et Nivelles : adresses, contacts, horaires et gestion professionnelle de copropri\u00e9t\u00e9s.\",\"breadcrumb\":{\"@id\":\"https:\/\/finlead.be\/index.php\/agences-finlead-wavre-nivelles-adresses-contacts\/#breadcrumb\"},\"inLanguage\":\"fr-FR\",\"potentialAction\":[{\"@type\":\"ReadAction\",\"target\":[\"https:\/\/finlead.be\/index.php\/agences-finlead-wavre-nivelles-adresses-contacts\/\"]}]},{\"@type\":\"BreadcrumbList\",\"@id\":\"https:\/\/finlead.be\/index.php\/agences-finlead-wavre-nivelles-adresses-contacts\/#breadcrumb\",\"itemListElement\":[{\"@type\":\"ListItem\",\"position\":1,\"name\":\"Accueil\",\"item\":\"http:\/\/finlead.be\/\"},{\"@type\":\"ListItem\",\"position\":2,\"name\":\"NOS AGENCES\"}]},{\"@type\":\"WebSite\",\"@id\":\"http:\/\/finlead.be\/#website\",\"url\":\"http:\/\/finlead.be\/\",\"name\":\"\",\"description\":\"Syndic - R\u00e9gisseur - Courtier - Conseil\",\"publisher\":{\"@id\":\"http:\/\/finlead.be\/#organization\"},\"potentialAction\":[{\"@type\":\"SearchAction\",\"target\":{\"@type\":\"EntryPoint\",\"urlTemplate\":\"http:\/\/finlead.be\/?s={search_term_string}\"},\"query-input\":\"required name=search_term_string\"}],\"inLanguage\":\"fr-FR\"},{\"@type\":\"Organization\",\"@id\":\"http:\/\/finlead.be\/#organization\",\"name\":\"Finlead\",\"url\":\"http:\/\/finlead.be\/\",\"logo\":{\"@type\":\"ImageObject\",\"inLanguage\":\"fr-FR\",\"@id\":\"http:\/\/finlead.be\/#\/schema\/logo\/image\/\",\"url\":\"https:\/\/finlead.be\/wp-content\/uploads\/2020\/02\/cropped-Properties-Logo-fd-transparent-1-6.png\",\"contentUrl\":\"https:\/\/finlead.be\/wp-content\/uploads\/2020\/02\/cropped-Properties-Logo-fd-transparent-1-6.png\",\"width\":493,\"height\":251,\"caption\":\"Finlead\"},\"image\":{\"@id\":\"http:\/\/finlead.be\/#\/schema\/logo\/image\/\"}}]}<\/script>\n<!-- \/ Yoast SEO plugin. -->","yoast_head_json":{"title":"Agences Finlead \u00e0 Wavre et Nivelles | Adresses et contacts","description":"D\u00e9couvrez les Agences Finlead \u00e0 Wavre et Nivelles : adresses, contacts, horaires et gestion professionnelle de copropri\u00e9t\u00e9s.","robots":{"index":"index","follow":"follow","max-snippet":"max-snippet:-1","max-image-preview":"max-image-preview:large","max-video-preview":"max-video-preview:-1"},"canonical":"https:\/\/finlead.be\/index.php\/agences-finlead-wavre-nivelles-adresses-contacts\/","og_locale":"fr_FR","og_type":"article","og_title":"Agences Finlead \u00e0 Wavre et Nivelles | Adresses et contacts","og_description":"D\u00e9couvrez les Agences Finlead \u00e0 Wavre et Nivelles : adresses, contacts, horaires et gestion professionnelle de copropri\u00e9t\u00e9s.","og_url":"https:\/\/finlead.be\/index.php\/agences-finlead-wavre-nivelles-adresses-contacts\/","article_modified_time":"2026-03-12T12:56:00+00:00","og_image":[{"url":"https:\/\/finlead.be\/wp-content\/uploads\/2026\/02\/photo-agence-wavre-site-web-nos-agences-2-724x1024.png"}],"twitter_card":"summary_large_image","twitter_misc":{"Dur\u00e9e de lecture estim\u00e9e":"1 minute"},"schema":{"@context":"https:\/\/schema.org","@graph":[{"@type":"WebPage","@id":"https:\/\/finlead.be\/index.php\/agences-finlead-wavre-nivelles-adresses-contacts\/","url":"https:\/\/finlead.be\/index.php\/agences-finlead-wavre-nivelles-adresses-contacts\/","name":"Agences Finlead \u00e0 Wavre et Nivelles | Adresses et contacts","isPartOf":{"@id":"http:\/\/finlead.be\/#website"},"datePublished":"2026-03-02T08:54:15+00:00","dateModified":"2026-03-12T12:56:00+00:00","description":"D\u00e9couvrez les Agences Finlead \u00e0 Wavre et Nivelles : adresses, contacts, horaires et gestion professionnelle de copropri\u00e9t\u00e9s.","breadcrumb":{"@id":"https:\/\/finlead.be\/index.php\/agences-finlead-wavre-nivelles-adresses-contacts\/#breadcrumb"},"inLanguage":"fr-FR","potentialAction":[{"@type":"ReadAction","target":["https:\/\/finlead.be\/index.php\/agences-finlead-wavre-nivelles-adresses-contacts\/"]}]},{"@type":"BreadcrumbList","@id":"https:\/\/finlead.be\/index.php\/agences-finlead-wavre-nivelles-adresses-contacts\/#breadcrumb","itemListElement":[{"@type":"ListItem","position":1,"name":"Accueil","item":"http:\/\/finlead.be\/"},{"@type":"ListItem","position":2,"name":"NOS AGENCES"}]},{"@type":"WebSite","@id":"http:\/\/finlead.be\/#website","url":"http:\/\/finlead.be\/","name":"","description":"Syndic - R\u00e9gisseur - Courtier - Conseil","publisher":{"@id":"http:\/\/finlead.be\/#organization"},"potentialAction":[{"@type":"SearchAction","target":{"@type":"EntryPoint","urlTemplate":"http:\/\/finlead.be\/?s={search_term_string}"},"query-input":"required name=search_term_string"}],"inLanguage":"fr-FR"},{"@type":"Organization","@id":"http:\/\/finlead.be\/#organization","name":"Finlead","url":"http:\/\/finlead.be\/","logo":{"@type":"ImageObject","inLanguage":"fr-FR","@id":"http:\/\/finlead.be\/#\/schema\/logo\/image\/","url":"https:\/\/finlead.be\/wp-content\/uploads\/2020\/02\/cropped-Properties-Logo-fd-transparent-1-6.png","contentUrl":"https:\/\/finlead.be\/wp-content\/uploads\/2020\/02\/cropped-Properties-Logo-fd-transparent-1-6.png","width":493,"height":251,"caption":"Finlead"},"image":{"@id":"http:\/\/finlead.be\/#\/schema\/logo\/image\/"}}]}},"_links":{"self":[{"href":"https:\/\/finlead.be\/index.php\/wp-json\/wp\/v2\/pages\/2351","targetHints":{"allow":["GET"]}}],"collection":[{"href":"https:\/\/finlead.be\/index.php\/wp-json\/wp\/v2\/pages"}],"about":[{"href":"https:\/\/finlead.be\/index.php\/wp-json\/wp\/v2\/types\/page"}],"author":[{"embeddable":true,"href":"https:\/\/finlead.be\/index.php\/wp-json\/wp\/v2\/users\/1"}],"replies":[{"embeddable":true,"href":"https:\/\/finlead.be\/index.php\/wp-json\/wp\/v2\/comments?post=2351"}],"version-history":[{"count":78,"href":"https:\/\/finlead.be\/index.php\/wp-json\/wp\/v2\/pages\/2351\/revisions"}],"predecessor-version":[{"id":3183,"href":"https:\/\/finlead.be\/index.php\/wp-json\/wp\/v2\/pages\/2351\/revisions\/3183"}],"wp:attachment":[{"href":"https:\/\/finlead.be\/index.php\/wp-json\/wp\/v2\/media?parent=2351"}],"curies":[{"name":"wp","href":"https:\/\/api.w.org\/{rel}","templated":true}]}}